{"id":90,"date":"2025-10-12T21:30:51","date_gmt":"2025-10-12T21:30:51","guid":{"rendered":"https:\/\/isvarcoffee.com\/?post_type=product&#038;p=90"},"modified":"2025-12-20T04:38:24","modified_gmt":"2025-12-20T04:38:24","slug":"drip-coffee-bags","status":"publish","type":"product","link":"https:\/\/isvarcoffee.com\/en\/product\/drip-coffee-bags\/","title":{"rendered":"Drip Coffee Bags (box of 10)"},"content":{"rendered":"<p>Take the specialty coffee experience with you wherever you go, quickly and easily. Our Drip Coffee Bags are like a travel-friendly French press or Chemex: inside each bag, you&#039;ll find ready-to-use ground coffee in a biodegradable 100% paper filter. Simply place it over your cup, pour hot water over it, and let the magic happen. You&#039;ll get a clean, aromatic, and flavorful cup of coffee with perfect extraction in seconds.<\/p>\n<p>&nbsp;<\/p>\n<div id=\"comp-m6n58a8p1__item-kf51yt5v\" class=\"comp-m6n58a8p1 YzqVVZ wixui-repeater__item\" role=\"listitem\">\n<div class=\"\" data-mesh-id=\"comp-m6n58a8p1__item-kf51yt5vinlineContent\" data-testid=\"inline-content\">\n<div data-mesh-id=\"comp-m6n58a8p1__item-kf51yt5vinlineContent-gridContainer\" data-testid=\"mesh-container-content\">\n<div id=\"comp-m6n58a8t__item-kf51yt5v\" class=\"KaEeLN comp-m6n58a8t\">\n<div class=\"\" data-mesh-id=\"comp-m6n58a8t__item-kf51yt5vinlineContent\" data-testid=\"inline-content\">\n<div data-mesh-id=\"comp-m6n58a8t__item-kf51yt5vinlineContent-gridContainer\" data-testid=\"mesh-container-content\">\n<div id=\"comp-m6n58a8u4__item-kf51yt5v\" class=\"Z_l5lU ku3DBC zQ9jDz qvSjx3 Vq6kJx comp-m6n58a8u4 wixui-rich-text\" data-testid=\"richTextElement\">\n<p class=\"font_8 wixui-rich-text__text\"><strong><span class=\"wixui-rich-text__text\">Box of 10 units<\/span><\/strong><\/p>\n<\/div>\n<\/div>\n<\/div>\n<\/div>\n<\/div>\n<\/div>\n<\/div>\n<div id=\"comp-m6n58a8p1__item-kf51ytd5\" class=\"comp-m6n58a8p1 YzqVVZ wixui-repeater__item\" role=\"listitem\">\n<div id=\"bgLayers_comp-m6n58a8p1__item-kf51ytd5\" class=\"MW5IWV\" data-hook=\"bgLayers\" data-motion-part=\"BG_LAYER comp-m6n58a8p1__item-kf51ytd5\"><\/div>\n<\/div>","protected":false},"excerpt":{"rendered":"<p>Ll\u00e9vate la experiencia de un caf\u00e9 de especialidad a donde quieras, de la forma m\u00e1s r\u00e1pida y sencilla. Nuestros Drip Coffee Bags son como una prensa francesa o una chemex viajera: dentro de cada bolsita encontrar\u00e1s caf\u00e9 molido listo para usar, en un filtro de papel 100% biodegradable. Solo col\u00f3calo sobre tu taza, vierte agua [&hellip;]<\/p>\n","protected":false},"featured_media":801,"comment_status":"open","ping_status":"closed","template":"","meta":[],"product_brand":[],"product_cat":[24],"product_tag":[25],"class_list":{"0":"post-90","1":"product","2":"type-product","3":"status-publish","4":"has-post-thumbnail","6":"product_cat-drips","7":"product_tag-drips","9":"first","10":"instock","11":"shipping-taxable","12":"purchasable","13":"product-type-simple"},"_links":{"self":[{"href":"https:\/\/isvarcoffee.com\/en\/wp-json\/wp\/v2\/product\/90","targetHints":{"allow":["GET"]}}],"collection":[{"href":"https:\/\/isvarcoffee.com\/en\/wp-json\/wp\/v2\/product"}],"about":[{"href":"https:\/\/isvarcoffee.com\/en\/wp-json\/wp\/v2\/types\/product"}],"replies":[{"embeddable":true,"href":"https:\/\/isvarcoffee.com\/en\/wp-json\/wp\/v2\/comments?post=90"}],"wp:featuredmedia":[{"embeddable":true,"href":"https:\/\/isvarcoffee.com\/en\/wp-json\/wp\/v2\/media\/801"}],"wp:attachment":[{"href":"https:\/\/isvarcoffee.com\/en\/wp-json\/wp\/v2\/media?parent=90"}],"wp:term":[{"taxonomy":"product_brand","embeddable":true,"href":"https:\/\/isvarcoffee.com\/en\/wp-json\/wp\/v2\/product_brand?post=90"},{"taxonomy":"product_cat","embeddable":true,"href":"https:\/\/isvarcoffee.com\/en\/wp-json\/wp\/v2\/product_cat?post=90"},{"taxonomy":"product_tag","embeddable":true,"href":"https:\/\/isvarcoffee.com\/en\/wp-json\/wp\/v2\/product_tag?post=90"}],"curies":[{"name":"wp","href":"https:\/\/api.w.org\/{rel}","templated":true}]}}